{"id":74056,"date":"2023-07-10T12:58:30","date_gmt":"2023-07-10T11:58:30","guid":{"rendered":"https:\/\/maryme.pt\/politica-de-privacidade-e-tratamento-de-dados\/"},"modified":"2025-11-19T16:07:23","modified_gmt":"2025-11-19T16:07:23","slug":"politica-de-privacidade-e-tratamento-de-dados","status":"publish","type":"page","link":"https:\/\/maryme.pt\/pt-pt\/politica-de-privacidade-e-tratamento-de-dados\/","title":{"rendered":"Pol\u00edtica de Privacidade"},"content":{"rendered":"\t\t<div data-elementor-type=\"wp-page\" data-elementor-id=\"74056\" class=\"elementor elementor-74056 elementor-3\" data-elementor-post-type=\"page\">\n\t\t\t\t<div class=\"elementor-element elementor-element-1b9df44 e-flex e-con-boxed e-con e-parent\" data-id=\"1b9df44\" data-element_type=\"container\" data-e-type=\"container\" data-settings=\"{&quot;background_background&quot;:&quot;classic&quot;}\">\n\t\t\t\t\t<div class=\"e-con-inner\">\n\t\t<div class=\"elementor-element elementor-element-b78f79e e-con-full e-flex e-con e-child\" data-id=\"b78f79e\" data-element_type=\"container\" data-e-type=\"container\">\n\t\t\t\t<div class=\"elementor-element elementor-element-f705193 mm-header-title  elementor-widget elementor-widget-heading\" data-id=\"f705193\" data-element_type=\"widget\" data-e-type=\"widget\" data-widget_type=\"heading.default\">\n\t\t\t\t<div class=\"elementor-widget-container\">\n\t\t\t\t\t<h1 class=\"elementor-heading-title elementor-size-default\">Pol\u00edtica de Privacidade<\/h1>\t\t\t\t<\/div>\n\t\t\t\t<\/div>\n\t\t\t\t<\/div>\n\t\t\t\t\t<\/div>\n\t\t\t\t<\/div>\n\t\t\t\t<section class=\"elementor-section elementor-top-section elementor-element elementor-element-2b935ffc elementor-section-boxed elementor-section-height-default elementor-section-height-default\" data-id=\"2b935ffc\" data-element_type=\"section\" data-e-type=\"section\">\n\t\t\t\t\t\t<div class=\"elementor-container elementor-column-gap-default\">\n\t\t\t\t\t<div class=\"elementor-column elementor-col-100 elementor-top-column elementor-element elementor-element-7213128\" data-id=\"7213128\" data-element_type=\"column\" data-e-type=\"column\">\n\t\t\t<div class=\"elementor-widget-wrap elementor-element-populated\">\n\t\t\t\t\t\t<div class=\"elementor-element elementor-element-76e82cc3 elementor-widget elementor-widget-text-editor\" data-id=\"76e82cc3\" data-element_type=\"widget\" data-e-type=\"widget\" data-widget_type=\"text-editor.default\">\n\t\t\t\t<div class=\"elementor-widget-container\">\n\t\t\t\t\t\t\t\t\t<p>No \u00e2mbito da presta\u00e7\u00e3o dos seus servi\u00e7os, <strong>MARY ME PORTUGAL WEDDINGS, LDA. (\u201cMARY ME\u201d)<\/strong> necessita de recolher os dados pessoais dos seus clientes o que faz nos termos e em cumprimento do Regulamento Geral de Protec\u00e7\u00e3o de Dados da Uni\u00e3o Europeia (RGPD) institu\u00eddo pelo Regulamento UE 679\/2016, de 27 de Abril de 2016, cuja execu\u00e7\u00e3o \u00e9 assegurada na Ordem Jur\u00eddica Interna pela Lei 58\/2019, de 08 de Agosto.<\/p>\n<p>Os clientes ter\u00e3o de aceitar a nossa Pol\u00edtica de Privacidade para navegarem no nosso website ou contratem os nossos servi\u00e7os uma vez que tal \u00e9 condi\u00e7\u00e3o imprescind\u00edvel \u00e0 sua execu\u00e7\u00e3o.<\/p><p><br><\/p>\n<h5><strong>1. IDENTIFICA\u00c7\u00c3O DA SOCIEDADE<\/strong><\/h5>\n<p>A MARY ME PORTUGAL WEDDINGS LDA., sociedade comercial por quotas, com o NIPC 517788110, tem sede na Rua Padre Himalaya, n.\u00ba 78, 4100-553 Porto e dedica-se \u00e0 produ\u00e7\u00e3o, promo\u00e7\u00e3o e organiza\u00e7\u00e3o de eventos.<\/p><p><br><\/p>\n<h5><strong>2. RECOLHA E TRATAMENTO DE DADOS PESSOAIS<\/strong><\/h5>\n<p><strong>1.<\/strong> A <strong>MARY ME<\/strong> apenas recolhe e processa os dados volunt\u00e1ria e expressamente indicados pelos clientes por via do preenchimento dos formul\u00e1rios integrados no nosso website (\u201cPop the Question\u201d), das RSVP que nos fornecerem e atrav\u00e9s de comunica\u00e7\u00e3o directa com a <strong>MARY ME<\/strong>, nnomeadamente, nome, sexo, data de nascimento, naturalidade, nacionalidade, email, telem\u00f3vel, morada, NIF, n\u00famero de cart\u00e3o de d\u00e9bito\/cr\u00e9dito e pa\u00eds de resid\u00eancia dos noivos, sem preju\u00edzo de poderem ser recolhidos outros dados que se venham a revelar necess\u00e1rios em fun\u00e7\u00e3o do servi\u00e7o espec\u00edfico contratado pelos clientes.<\/p>\n<p><strong>2.<\/strong> Podem tamb\u00e9m ser recolhidas imagens, fotografias e v\u00eddeos dos clientes no dia da cerim\u00f3nia ou evento contratado, bem como os dados disponibilizados atrav\u00e9s das suas redes sociais que possam ser relevantes para a execu\u00e7\u00e3o do servi\u00e7o, n\u00e3o recolhendo a <strong>MARY ME,<\/strong> em nenhuma circunst\u00e2ncia, dados pessoais, sens\u00edveis ou confidenciais.<\/p>\n<p>3. A <strong>MARY ME<\/strong> poder\u00e1 proceder \u00e0 comunica\u00e7\u00e3o com os convidados indicados pelos clientes para os efeitos que se mostrem necess\u00e1rios \u00e0 execu\u00e7\u00e3o do servi\u00e7o ou evento contratado, bem como para efeitos relacionados com a organiza\u00e7\u00e3o e\/ou assessoria relativa \u00e0 estadia dos convidados em Portugal, diretamente ou por interm\u00e9dio de terceiros, recolhendo e processando junto dos convidados os dados que para o efeito se mostrem necess\u00e1rios.<\/p>\n<p><strong>4.<\/strong> Para assegurar um servi\u00e7o de qualidade, a <strong>MARY ME<\/strong> colabora com entidades exteriores \u00e0 organiza\u00e7\u00e3o e poder\u00e1 ter de partilhar alguns dados dos clientes e dos seus convidados com essas entidades, nomeadamente, estabelecimentos de Hotel e Restaura\u00e7\u00e3o e prestadores de servi\u00e7os v\u00e1rios, que assegurar\u00e3o o tratamento dos dados dos clientes na medida estritamente necess\u00e1ria e de acordo com medidas de seguran\u00e7a adequadas.<\/p>\n<p><strong>5.<\/strong> O tratamento dos dados dos clientes \u00e9 realizado com base no seu consentimento, sob os mais elevados padr\u00f5es \u00e9ticos, de honestidade e transpar\u00eancia e mediante os princ\u00edpios da estrita necessidade, adequa\u00e7\u00e3o e proporcionalidade.<\/p><p><br><\/p>\n<h5>3. <strong>FINALIDADE DO TRATAMENTO<\/strong><\/h5>\n<p>Os seus dados pessoais s\u00e3o recolhidos e processados pela <strong>MARY ME<\/strong> apenas para fins estritamente ligados ao uso deste website, \u00e0 organiza\u00e7\u00e3o e presta\u00e7\u00e3o dos servi\u00e7os e eventos contratados, \u00e0 gest\u00e3o e hospedagem em Portugal dos clientes e seus convidados, para realiza\u00e7\u00e3o de a\u00e7\u00f5es de marketing direto e presta\u00e7\u00e3o de apoio ao cliente, sendo os dados recolhidos e tratados para essas finalidades os adequados, pertinentes e n\u00e3o excessivos.<\/p><p><br><\/p>\n<h5>4. <strong>COOKIES<\/strong><\/h5>\n<p><strong>1.<\/strong> Quando navega no nosso site recolhemos cookies, destinando-se a informa\u00e7\u00e3o recolhida por esta via essencialmente a garantir um adequado funcionamento do website e a permitir-nos comunicar mais eficazmente consigo, destacar as ofertas e servi\u00e7os mais adequados ao seu perfil. <\/p>\n<p><strong>2.<\/strong> Nunca utilizamos cookies para recolher passwords, n\u00fameros de cart\u00f5es de cr\u00e9dito ou qualquer outra informa\u00e7\u00e3o confidencial e\/ou sens\u00edvel.<\/p><p><br><\/p>\n<h5>5. <strong>CONSENTIMENTO E DIREITOS DO CLIENTE<\/strong><\/h5>\n<p><strong>1.<\/strong> A recolha, tratamento e processamento dos dados pela <strong>MARY ME<\/strong> \u00e9 realizada ao abrigo do consentimento do cliente e titular dos dados.<\/p>\n<p><strong>2.<\/strong> Ao confirmar que leu e aceitou a presente pol\u00edtica de privacidade estar\u00e1 a consentir nos seus termos.<\/p>\n<p><strong>3.<\/strong> Ao navegar neste website est\u00e1 a consentir com os termos descritos nesta Pol\u00edtica de Privacidade.<\/p>\n<p><strong>4.<\/strong> O cliente pode exercer o seu direito de acesso, retifica\u00e7\u00e3o, elimina\u00e7\u00e3o, esquecimento ou bloqueio dos seus dados a todo o tempo, atrav\u00e9s do envio de comunica\u00e7\u00e3o para o efeito, por e-mail (procedimentos@maryme.com) ou mediante envio de carta endere\u00e7ada a: <em>Mary Me Portugal Weddings Lda, Rua Padre Hymalaia, n.\u00ba 78., 4150- Porto, Portugal.<\/em><\/p>\n<p><strong>5.<\/strong> Se se pretender opor \u00e0 nossa Pol\u00edtica de Privacidade, ou se tiver alguma d\u00favida relativamente ao seu teor, basta que nos contacte atrav\u00e9s do nosso e-mail ou mediante envio de carta endere\u00e7ada \u00e0 <strong>MARY ME<\/strong>, nos termos indicados no n.\u00ba 4.<\/p><p><br><\/p>\n<h5>6.&nbsp;<strong>SEGURAN\u00c7A E PROBLEMAS T\u00c9CNICOS<\/strong><\/h5>\n<p><strong>1.<\/strong> A <strong>MARY ME<\/strong> utiliza medidas de seguran\u00e7a adequadas \u00e0 prote\u00e7\u00e3o dos seus dados pessoais contra a destrui\u00e7\u00e3o acidental ou il\u00edcita, perda acidental, altera\u00e7\u00e3o, difus\u00e3o ou o acesso n\u00e3o autorizado ou outras formas de tratamento il\u00edcito, exigindo tamb\u00e9m que as entidades externas que tratam dos seus dados pessoais por n\u00f3s fa\u00e7am o mesmo.<\/p>\n<p><strong>2.<\/strong> A <strong>MARY ME<\/strong>, contudo, n\u00e3o pode garantir que as medidas de seguran\u00e7a adotadas para a prote\u00e7\u00e3o deste site e para a transmiss\u00e3o de dados e informa\u00e7\u00e3o por seu interm\u00e9dio ir\u00e1 impedir ou excluir qualquer risco de acesso n\u00e3o autorizado ou perda de dados, pelo que aconselhamos que o seu equipamento disponha de software que proteja a transmiss\u00e3o e rece\u00e7\u00e3o de dados (antiv\u00edrus) e que o seu browser tome as medidas adequadas para garantir a seguran\u00e7a na transmiss\u00e3o de dados (tais como firewall e filtros anti-spam).<\/p>\n<p><strong>3.<\/strong> Para reportar qualquer falha ou problema t\u00e9cnico que tenha durante a utiliza\u00e7\u00e3o do website, por favor, contacte-nos atrav\u00e9s do nosso e-mail (support@maryme.com).<\/p><p><br><\/p>\n<h5>7. <strong>MENORES DE 18 ANOS<\/strong><\/h5>\n<p><strong>1.<\/strong> Os servi\u00e7os promovidos e prestados pela <strong>MARY ME<\/strong> destinam-se exclusivamente a maiores de 18 anos, pelo que s\u00f3 estes os podem contratar.<\/p>\n<p><strong>2.<\/strong> Se o cliente for menor de idade (inferior a 18 anos) apenas poder\u00e1 utilizar o website com supervis\u00e3o parental ou de um tutor\/respons\u00e1vel.<\/p><p><br><\/p>\n<h5>8. <strong>PRESS INQUIRIES<\/strong><\/h5>\n<p>Para qualquer consulta ou quest\u00e3o por favor queira contactar-nos atrav\u00e9s do nosso e-mail (support@maryme.com) e teremos todo o gosto em esclarec\u00ea-lo.<\/p><p><br><\/p>\n<h5>9. <strong>ALTERA\u00c7\u00c3O DA POL\u00cdTICA DE PRIVACIDADE<\/strong><\/h5>\n<p>A <strong>MARY ME<\/strong> reserva-se no direito de atualizar a sua Pol\u00edtica de Privacidade a todo tempo, sendo qualquer altera\u00e7\u00e3o\/atualiza\u00e7\u00e3o ser\u00e1 publicitada no nosso website e entrar\u00e1 em vigor no momento da sua publica\u00e7\u00e3o.<\/p>\t\t\t\t\t\t\t\t<\/div>\n\t\t\t\t<\/div>\n\t\t\t\t\t<\/div>\n\t\t<\/div>\n\t\t\t\t\t<\/div>\n\t\t<\/section>\n\t\t\t\t<\/div>\n\t\t","protected":false},"excerpt":{"rendered":"<p>Pol\u00edtica de Privacidade No \u00e2mbito da presta\u00e7\u00e3o dos seus servi\u00e7os, MARY ME PORTUGAL WEDDINGS, LDA. (\u201cMARY ME\u201d) necessita de recolher os dados pessoais dos seus clientes o que faz nos termos e em cumprimento do Regulamento Geral de Protec\u00e7\u00e3o de Dados da Uni\u00e3o Europeia (RGPD) institu\u00eddo pelo Regulamento UE 679\/2016, de 27 de Abril de [&hellip;]<\/p>\n","protected":false},"author":1,"featured_media":0,"parent":0,"menu_order":0,"comment_status":"closed","ping_status":"closed","template":"","meta":{"_acf_changed":false,"footnotes":""},"class_list":["post-74056","page","type-page","status-publish","hentry"],"acf":[],"yoast_head":"<!-- This site is optimized with the Yoast SEO Premium plugin v25.1 (Yoast SEO v26.3) - https:\/\/yoast.com\/wordpress\/plugins\/seo\/ -->\n<title>Pol\u00edtica de Privacidade | Mary Me Portugal Weddings<\/title>\n<meta name=\"robots\" content=\"index, follow, max-snippet:-1, max-image-preview:large, max-video-preview:-1\" \/>\n<link rel=\"canonical\" href=\"https:\/\/maryme.pt\/pt-pt\/politica-de-privacidade-e-tratamento-de-dados\/\" \/>\n<meta property=\"og:locale\" content=\"pt_PT\" \/>\n<meta property=\"og:type\" content=\"article\" \/>\n<meta property=\"og:title\" content=\"Pol\u00edtica de Privacidade\" \/>\n<meta property=\"og:description\" content=\"Pol\u00edtica de Privacidade No \u00e2mbito da presta\u00e7\u00e3o dos seus servi\u00e7os, MARY ME PORTUGAL WEDDINGS, LDA. (\u201cMARY ME\u201d) necessita de recolher os dados pessoais dos seus clientes o que faz nos termos e em cumprimento do Regulamento Geral de Protec\u00e7\u00e3o de Dados da Uni\u00e3o Europeia (RGPD) institu\u00eddo pelo Regulamento UE 679\/2016, de 27 de Abril de [&hellip;]\" \/>\n<meta property=\"og:url\" content=\"https:\/\/maryme.pt\/pt-pt\/politica-de-privacidade-e-tratamento-de-dados\/\" \/>\n<meta property=\"og:site_name\" content=\"Mary Me Portugal Weddings\" \/>\n<meta property=\"article:publisher\" content=\"https:\/\/www.facebook.com\/maryme.portugalweddings\" \/>\n<meta property=\"article:modified_time\" content=\"2025-11-19T16:07:23+00:00\" \/>\n<meta property=\"og:image\" content=\"https:\/\/maryme.pt\/wp-content\/uploads\/2023\/07\/mm-favicon.jpg\" \/>\n\t<meta property=\"og:image:width\" content=\"512\" \/>\n\t<meta property=\"og:image:height\" content=\"512\" \/>\n\t<meta property=\"og:image:type\" content=\"image\/jpeg\" \/>\n<meta name=\"twitter:card\" content=\"summary_large_image\" \/>\n<meta name=\"twitter:label1\" content=\"Tempo estimado de leitura\" \/>\n\t<meta name=\"twitter:data1\" content=\"6 minutos\" \/>\n<!-- \/ Yoast SEO Premium plugin. -->","yoast_head_json":{"title":"Pol\u00edtica de Privacidade | Mary Me Portugal Weddings","robots":{"index":"index","follow":"follow","max-snippet":"max-snippet:-1","max-image-preview":"max-image-preview:large","max-video-preview":"max-video-preview:-1"},"canonical":"https:\/\/maryme.pt\/pt-pt\/politica-de-privacidade-e-tratamento-de-dados\/","og_locale":"pt_PT","og_type":"article","og_title":"Pol\u00edtica de Privacidade","og_description":"Pol\u00edtica de Privacidade No \u00e2mbito da presta\u00e7\u00e3o dos seus servi\u00e7os, MARY ME PORTUGAL WEDDINGS, LDA. (\u201cMARY ME\u201d) necessita de recolher os dados pessoais dos seus clientes o que faz nos termos e em cumprimento do Regulamento Geral de Protec\u00e7\u00e3o de Dados da Uni\u00e3o Europeia (RGPD) institu\u00eddo pelo Regulamento UE 679\/2016, de 27 de Abril de [&hellip;]","og_url":"https:\/\/maryme.pt\/pt-pt\/politica-de-privacidade-e-tratamento-de-dados\/","og_site_name":"Mary Me Portugal Weddings","article_publisher":"https:\/\/www.facebook.com\/maryme.portugalweddings","article_modified_time":"2025-11-19T16:07:23+00:00","og_image":[{"width":512,"height":512,"url":"https:\/\/maryme.pt\/wp-content\/uploads\/2023\/07\/mm-favicon.jpg","type":"image\/jpeg"}],"twitter_card":"summary_large_image","twitter_misc":{"Tempo estimado de leitura":"6 minutos"},"schema":{"@context":"https:\/\/schema.org","@graph":[{"@type":"WebPage","@id":"https:\/\/maryme.pt\/pt-pt\/politica-de-privacidade-e-tratamento-de-dados\/","url":"https:\/\/maryme.pt\/pt-pt\/politica-de-privacidade-e-tratamento-de-dados\/","name":"Pol\u00edtica de Privacidade | Mary Me Portugal Weddings","isPartOf":{"@id":"https:\/\/maryme.pt\/pt-pt\/#website"},"datePublished":"2023-07-10T11:58:30+00:00","dateModified":"2025-11-19T16:07:23+00:00","breadcrumb":{"@id":"https:\/\/maryme.pt\/pt-pt\/politica-de-privacidade-e-tratamento-de-dados\/#breadcrumb"},"inLanguage":"pt-PT","potentialAction":[{"@type":"ReadAction","target":["https:\/\/maryme.pt\/pt-pt\/politica-de-privacidade-e-tratamento-de-dados\/"]}]},{"@type":"BreadcrumbList","@id":"https:\/\/maryme.pt\/pt-pt\/politica-de-privacidade-e-tratamento-de-dados\/#breadcrumb","itemListElement":[{"@type":"ListItem","position":1,"name":"Home","item":"https:\/\/maryme.pt\/pt-pt\/homepage\/"},{"@type":"ListItem","position":2,"name":"Pol\u00edtica de Privacidade"}]},{"@type":"WebSite","@id":"https:\/\/maryme.pt\/pt-pt\/#website","url":"https:\/\/maryme.pt\/pt-pt\/","name":"Mary Me Portugal Weddings","description":"","publisher":{"@id":"https:\/\/maryme.pt\/pt-pt\/#organization"},"potentialAction":[{"@type":"SearchAction","target":{"@type":"EntryPoint","urlTemplate":"https:\/\/maryme.pt\/pt-pt\/?s={search_term_string}"},"query-input":{"@type":"PropertyValueSpecification","valueRequired":true,"valueName":"search_term_string"}}],"inLanguage":"pt-PT"},{"@type":"Organization","@id":"https:\/\/maryme.pt\/pt-pt\/#organization","name":"Mary Me","alternateName":"Mary Me Destination Weddings","url":"https:\/\/maryme.pt\/pt-pt\/","logo":{"@type":"ImageObject","inLanguage":"pt-PT","@id":"https:\/\/maryme.pt\/pt-pt\/#\/schema\/logo\/image\/","url":"https:\/\/maryme.pt\/wp-content\/uploads\/2023\/07\/mm-favicon.jpg","contentUrl":"https:\/\/maryme.pt\/wp-content\/uploads\/2023\/07\/mm-favicon.jpg","width":512,"height":512,"caption":"Mary Me"},"image":{"@id":"https:\/\/maryme.pt\/pt-pt\/#\/schema\/logo\/image\/"},"sameAs":["https:\/\/www.facebook.com\/maryme.portugalweddings","https:\/\/www.instagram.com\/maryme.portugalweddings","https:\/\/www.youtube.com\/@maryme.portugalweddings","https:\/\/www.pinterest.pt\/marymeportugalweddings\/"]}]}},"_links":{"self":[{"href":"https:\/\/maryme.pt\/pt-pt\/wp-json\/wp\/v2\/pages\/74056","targetHints":{"allow":["GET"]}}],"collection":[{"href":"https:\/\/maryme.pt\/pt-pt\/wp-json\/wp\/v2\/pages"}],"about":[{"href":"https:\/\/maryme.pt\/pt-pt\/wp-json\/wp\/v2\/types\/page"}],"author":[{"embeddable":true,"href":"https:\/\/maryme.pt\/pt-pt\/wp-json\/wp\/v2\/users\/1"}],"replies":[{"embeddable":true,"href":"https:\/\/maryme.pt\/pt-pt\/wp-json\/wp\/v2\/comments?post=74056"}],"version-history":[{"count":5,"href":"https:\/\/maryme.pt\/pt-pt\/wp-json\/wp\/v2\/pages\/74056\/revisions"}],"predecessor-version":[{"id":84792,"href":"https:\/\/maryme.pt\/pt-pt\/wp-json\/wp\/v2\/pages\/74056\/revisions\/84792"}],"wp:attachment":[{"href":"https:\/\/maryme.pt\/pt-pt\/wp-json\/wp\/v2\/media?parent=74056"}],"curies":[{"name":"wp","href":"https:\/\/api.w.org\/{rel}","templated":true}]}}