{"id":74149,"date":"2025-04-29T14:40:09","date_gmt":"2025-04-29T13:40:09","guid":{"rendered":"https:\/\/maryme.pt\/terms-and-conditions\/"},"modified":"2025-11-19T16:07:01","modified_gmt":"2025-11-19T16:07:01","slug":"termos-e-condicoes","status":"publish","type":"page","link":"https:\/\/maryme.pt\/pt-pt\/termos-e-condicoes\/","title":{"rendered":"Termos e Condi\u00e7\u00f5es"},"content":{"rendered":"\t\t<div data-elementor-type=\"wp-page\" data-elementor-id=\"74149\" class=\"elementor elementor-74149 elementor-74058\" data-elementor-post-type=\"page\">\n\t\t\t\t<div class=\"elementor-element elementor-element-8563b13 e-flex e-con-boxed e-con e-parent\" data-id=\"8563b13\" data-element_type=\"container\" data-e-type=\"container\" data-settings=\"{&quot;background_background&quot;:&quot;classic&quot;}\">\n\t\t\t\t\t<div class=\"e-con-inner\">\n\t\t<div class=\"elementor-element elementor-element-e9cfd1f e-con-full e-flex e-con e-child\" data-id=\"e9cfd1f\" data-element_type=\"container\" data-e-type=\"container\">\n\t\t\t\t<div class=\"elementor-element elementor-element-07a2827 mm-header-title  elementor-widget elementor-widget-heading\" data-id=\"07a2827\" data-element_type=\"widget\" data-e-type=\"widget\" data-widget_type=\"heading.default\">\n\t\t\t\t<div class=\"elementor-widget-container\">\n\t\t\t\t\t<h1 class=\"elementor-heading-title elementor-size-default\">Termos e Condi\u00e7\u00f5es<\/h1>\t\t\t\t<\/div>\n\t\t\t\t<\/div>\n\t\t\t\t<\/div>\n\t\t\t\t\t<\/div>\n\t\t\t\t<\/div>\n\t\t\t\t<section class=\"elementor-section elementor-top-section elementor-element elementor-element-2b935ffc elementor-section-boxed elementor-section-height-default elementor-section-height-default\" data-id=\"2b935ffc\" data-element_type=\"section\" data-e-type=\"section\">\n\t\t\t\t\t\t<div class=\"elementor-container elementor-column-gap-default\">\n\t\t\t\t\t<div class=\"elementor-column elementor-col-100 elementor-top-column elementor-element elementor-element-7213128\" data-id=\"7213128\" data-element_type=\"column\" data-e-type=\"column\">\n\t\t\t<div class=\"elementor-widget-wrap elementor-element-populated\">\n\t\t\t\t\t\t<div class=\"elementor-element elementor-element-76e82cc3 elementor-widget elementor-widget-text-editor\" data-id=\"76e82cc3\" data-element_type=\"widget\" data-e-type=\"widget\" data-widget_type=\"text-editor.default\">\n\t\t\t\t<div class=\"elementor-widget-container\">\n\t\t\t\t\t\t\t\t\t<p>Ao navegar no nosso website declara que leu, compreendeu e aceita os presentes Termos e Condi\u00e7\u00f5es de utiliza\u00e7\u00e3o (\u201cTermos e Condi\u00e7\u00f5es\u201d). No caso de n\u00e3o concordar com este \u201cTermos e Condi\u00e7\u00f5es\u201d, por favor n\u00e3o utilize este website. <\/p><p> <\/p><h5><strong>1. Utiliza\u00e7\u00e3o do Website<\/strong><\/h5><p>1. O cliente apenas pode utilizar este website para fins l\u00edcitos e leg\u00edtimos, de acordo com os presentes \u201cTermos e Condi\u00e7\u00f5es\u201d.<\/p><p>2. \u00c9 estritamente proibido ao cliente utilizar o website para fins il\u00edcitos ou ilegais, realizar quaisquer actos tendentes a prejudicar, danificar e\/ou aceder sem autoriza\u00e7\u00e3o ao website; transmitir v\u00edrus, malware ou qualquer outro elemento de c\u00f3digo malicioso ou prejudicial; recolher dados da \u201cMary Me\u201d ou dos utilizadores do website sem o seu consentimento expl\u00edcito e contra a sua vontade, e violar quaisquer direitos ou propriedade intelectual de terceiros (direitos de autor, marcas, patentes ou outros direitos de autor ou de propriedade industrial registados).<\/p><p> <\/p><h5><strong>2. Conte\u00fado do Website<\/strong><\/h5><p>1. Este website e todo o seu conte\u00fado, incluindo, mas n\u00e3o apenas, textos, imagens, v\u00eddeo, software, desenhos, log\u00f3tipos e marcas s\u00e3o propriedade da \u201cMary Me\u201d, que beneficiam de protec\u00e7\u00e3o legal de acordo com a legisla\u00e7\u00e3o vigente.<\/p><p>2. Qualquer c\u00f3pia, modifica\u00e7\u00e3o, utiliza\u00e7\u00e3o ou reprodu\u00e7\u00e3o indevida do conte\u00fado do website sem autoriza\u00e7\u00e3o expressa da \u201cMary Me\u201d constitui uma viola\u00e7\u00e3o dos direitos da \u201cMary Me\u201d e um comportamento proibido e pun\u00edvel por lei.<\/p><p> <\/p><h5>3. Limita\u00e7\u00e3o de Responsabilidade<\/h5><p>A \u201cMary Me\u201d n\u00e3o se responsabiliza, e n\u00e3o poder\u00e1 ser responsabilizada em nenhuma circunst\u00e2ncia, por qualquer inconveniente ou preju\u00edzo causados ao utilizador pela utiliza\u00e7\u00e3o deste website e da rede de internet, tais como, exemplificativamente, rutura de servi\u00e7o, intrus\u00e3o exterior, anomalias provocadas por v\u00edrus inform\u00e1ticos ou qualquer outro caso de for\u00e7a maior, perda de dados, erros, falhas t\u00e9cnicas e danos em hardware e software.<\/p><p> <\/p><h5>4. Links Externos<\/h5><p>Para refer\u00eancia do cliente e exemplifica\u00e7\u00e3o dos servi\u00e7os que prestamos o nosso website poder\u00e1 conter links de reencaminhamento para websites de terceiros (parceiros e colaboradores), tal n\u00e3o significando que a \u201cMary Me\u201d aprove ou seja respons\u00e1vel pelos seus conte\u00fados, pelo que em nenhuma circunst\u00e2ncia nos responsabilizamos pela utiliza\u00e7\u00e3o desses websites de terceiros. <\/p><p> <\/p><h5>5. Newsletter \u201cMary Me\u201d<\/h5><p>1. A Newsletter \u201cMary Me\u201d integra os emails com ofertas, promo\u00e7\u00f5es, informa\u00e7\u00f5es e divulga\u00e7\u00f5es, enviados para a caixa de correio eletr\u00f3nico do cliente facultada aquando o preenchimento online do formul\u00e1rio \u201cPop the Question\u201d.<\/p><p>2. O utilizador pode subscrever a Newsletter, ficando automaticamente registado a partir do momento em que fa\u00e7a o preenchimento de qualquer formul\u00e1rio no website.<\/p><p>3. O cliente poder\u00e1 a todo o tempo, se assim desejar, revogar o seu consentimento para o envio da Newsletter.<\/p><p> <\/p><h5>6. Livro de Reclama\u00e7\u00f5es<\/h5><p>A \u201cMary Me\u201d disp\u00f5e de Livro de Reclama\u00e7\u00f5es, que pode ser acedido online &#8211; <a href=\"https:\/\/www.livroreclamacoes.pt\/inicio\/\">https:\/\/www.livroreclamacoes.pt\/inicio\/<\/a><\/p><p> <\/p><h5>7. Altera\u00e7\u00f5es aos \u201cTermos e Condi\u00e7\u00f5es\u201d e Contacto<\/h5><p>1. A \u201cMary Me\u201d reserva o direito de alterar a qualquer momento os presentes \u201cTermos e Condi\u00e7\u00f5es\u201d, cujas actualiza\u00e7\u00f5es e modifica\u00e7\u00f5es ser\u00e3o publicadas no nosso website.<\/p><p>2. As altera\u00e7\u00f5es, actualiza\u00e7\u00f5es ou modifica\u00e7\u00f5es aos \u201cTermos e Condi\u00e7\u00f5es\u201d entram em vigor no momento da sua publica\u00e7\u00e3o no website.<\/p><p>3. Para qualquer contacto ou esclarecimento de d\u00favidas relativamente ao conte\u00fado dos \u201cTermos e Condi\u00e7\u00f5es\u201d, por favor contacte-nos atrav\u00e9s do nosso endere\u00e7o de e-mail (support@maryme.pt) ou mediante carta endere\u00e7ada para: Mary Me Portugal Weddings Lda., Rua Padre Himalaya, n.\u00ba 78, 4100-553 Porto, Portugal.<\/p>\t\t\t\t\t\t\t\t<\/div>\n\t\t\t\t<\/div>\n\t\t\t\t\t<\/div>\n\t\t<\/div>\n\t\t\t\t\t<\/div>\n\t\t<\/section>\n\t\t\t\t<\/div>\n\t\t","protected":false},"excerpt":{"rendered":"<p>Termos e Condi\u00e7\u00f5es Ao navegar no nosso website declara que leu, compreendeu e aceita os presentes Termos e Condi\u00e7\u00f5es de utiliza\u00e7\u00e3o (\u201cTermos e Condi\u00e7\u00f5es\u201d). No caso de n\u00e3o concordar com este \u201cTermos e Condi\u00e7\u00f5es\u201d, por favor n\u00e3o utilize este website. 1. Utiliza\u00e7\u00e3o do Website 1. O cliente apenas pode utilizar este website para fins l\u00edcitos [&hellip;]<\/p>\n","protected":false},"author":3,"featured_media":0,"parent":0,"menu_order":0,"comment_status":"closed","ping_status":"closed","template":"","meta":{"_acf_changed":false,"footnotes":""},"class_list":["post-74149","page","type-page","status-publish","hentry"],"acf":[],"yoast_head":"<!-- This site is optimized with the Yoast SEO Premium plugin v25.1 (Yoast SEO v26.3) - https:\/\/yoast.com\/wordpress\/plugins\/seo\/ -->\n<title>Termos e Condi\u00e7\u00f5es | Mary Me Portugal Weddings<\/title>\n<meta name=\"robots\" content=\"index, follow, max-snippet:-1, max-image-preview:large, max-video-preview:-1\" \/>\n<link rel=\"canonical\" href=\"https:\/\/maryme.pt\/pt-pt\/termos-e-condicoes\/\" \/>\n<meta property=\"og:locale\" content=\"pt_PT\" \/>\n<meta property=\"og:type\" content=\"article\" \/>\n<meta property=\"og:title\" content=\"Termos e Condi\u00e7\u00f5es\" \/>\n<meta property=\"og:description\" content=\"Termos e Condi\u00e7\u00f5es Ao navegar no nosso website declara que leu, compreendeu e aceita os presentes Termos e Condi\u00e7\u00f5es de utiliza\u00e7\u00e3o (\u201cTermos e Condi\u00e7\u00f5es\u201d). No caso de n\u00e3o concordar com este \u201cTermos e Condi\u00e7\u00f5es\u201d, por favor n\u00e3o utilize este website. 1. Utiliza\u00e7\u00e3o do Website 1. O cliente apenas pode utilizar este website para fins l\u00edcitos [&hellip;]\" \/>\n<meta property=\"og:url\" content=\"https:\/\/maryme.pt\/pt-pt\/termos-e-condicoes\/\" \/>\n<meta property=\"og:site_name\" content=\"Mary Me Portugal Weddings\" \/>\n<meta property=\"article:publisher\" content=\"https:\/\/www.facebook.com\/maryme.portugalweddings\" \/>\n<meta property=\"article:modified_time\" content=\"2025-11-19T16:07:01+00:00\" \/>\n<meta property=\"og:image\" content=\"https:\/\/maryme.pt\/wp-content\/uploads\/2023\/07\/mm-favicon.jpg\" \/>\n\t<meta property=\"og:image:width\" content=\"512\" \/>\n\t<meta property=\"og:image:height\" content=\"512\" \/>\n\t<meta property=\"og:image:type\" content=\"image\/jpeg\" \/>\n<meta name=\"twitter:card\" content=\"summary_large_image\" \/>\n<meta name=\"twitter:label1\" content=\"Tempo estimado de leitura\" \/>\n\t<meta name=\"twitter:data1\" content=\"3 minutos\" \/>\n<!-- \/ Yoast SEO Premium plugin. -->","yoast_head_json":{"title":"Termos e Condi\u00e7\u00f5es | Mary Me Portugal Weddings","robots":{"index":"index","follow":"follow","max-snippet":"max-snippet:-1","max-image-preview":"max-image-preview:large","max-video-preview":"max-video-preview:-1"},"canonical":"https:\/\/maryme.pt\/pt-pt\/termos-e-condicoes\/","og_locale":"pt_PT","og_type":"article","og_title":"Termos e Condi\u00e7\u00f5es","og_description":"Termos e Condi\u00e7\u00f5es Ao navegar no nosso website declara que leu, compreendeu e aceita os presentes Termos e Condi\u00e7\u00f5es de utiliza\u00e7\u00e3o (\u201cTermos e Condi\u00e7\u00f5es\u201d). No caso de n\u00e3o concordar com este \u201cTermos e Condi\u00e7\u00f5es\u201d, por favor n\u00e3o utilize este website. 1. Utiliza\u00e7\u00e3o do Website 1. O cliente apenas pode utilizar este website para fins l\u00edcitos [&hellip;]","og_url":"https:\/\/maryme.pt\/pt-pt\/termos-e-condicoes\/","og_site_name":"Mary Me Portugal Weddings","article_publisher":"https:\/\/www.facebook.com\/maryme.portugalweddings","article_modified_time":"2025-11-19T16:07:01+00:00","og_image":[{"width":512,"height":512,"url":"https:\/\/maryme.pt\/wp-content\/uploads\/2023\/07\/mm-favicon.jpg","type":"image\/jpeg"}],"twitter_card":"summary_large_image","twitter_misc":{"Tempo estimado de leitura":"3 minutos"},"schema":{"@context":"https:\/\/schema.org","@graph":[{"@type":"WebPage","@id":"https:\/\/maryme.pt\/pt-pt\/termos-e-condicoes\/","url":"https:\/\/maryme.pt\/pt-pt\/termos-e-condicoes\/","name":"Termos e Condi\u00e7\u00f5es | Mary Me Portugal Weddings","isPartOf":{"@id":"https:\/\/maryme.pt\/pt-pt\/#website"},"datePublished":"2025-04-29T13:40:09+00:00","dateModified":"2025-11-19T16:07:01+00:00","breadcrumb":{"@id":"https:\/\/maryme.pt\/pt-pt\/termos-e-condicoes\/#breadcrumb"},"inLanguage":"pt-PT","potentialAction":[{"@type":"ReadAction","target":["https:\/\/maryme.pt\/pt-pt\/termos-e-condicoes\/"]}]},{"@type":"BreadcrumbList","@id":"https:\/\/maryme.pt\/pt-pt\/termos-e-condicoes\/#breadcrumb","itemListElement":[{"@type":"ListItem","position":1,"name":"Home","item":"https:\/\/maryme.pt\/pt-pt\/homepage\/"},{"@type":"ListItem","position":2,"name":"Termos e Condi\u00e7\u00f5es"}]},{"@type":"WebSite","@id":"https:\/\/maryme.pt\/pt-pt\/#website","url":"https:\/\/maryme.pt\/pt-pt\/","name":"Mary Me Portugal Weddings","description":"","publisher":{"@id":"https:\/\/maryme.pt\/pt-pt\/#organization"},"potentialAction":[{"@type":"SearchAction","target":{"@type":"EntryPoint","urlTemplate":"https:\/\/maryme.pt\/pt-pt\/?s={search_term_string}"},"query-input":{"@type":"PropertyValueSpecification","valueRequired":true,"valueName":"search_term_string"}}],"inLanguage":"pt-PT"},{"@type":"Organization","@id":"https:\/\/maryme.pt\/pt-pt\/#organization","name":"Mary Me","alternateName":"Mary Me Destination Weddings","url":"https:\/\/maryme.pt\/pt-pt\/","logo":{"@type":"ImageObject","inLanguage":"pt-PT","@id":"https:\/\/maryme.pt\/pt-pt\/#\/schema\/logo\/image\/","url":"https:\/\/maryme.pt\/wp-content\/uploads\/2023\/07\/mm-favicon.jpg","contentUrl":"https:\/\/maryme.pt\/wp-content\/uploads\/2023\/07\/mm-favicon.jpg","width":512,"height":512,"caption":"Mary Me"},"image":{"@id":"https:\/\/maryme.pt\/pt-pt\/#\/schema\/logo\/image\/"},"sameAs":["https:\/\/www.facebook.com\/maryme.portugalweddings","https:\/\/www.instagram.com\/maryme.portugalweddings","https:\/\/www.youtube.com\/@maryme.portugalweddings","https:\/\/www.pinterest.pt\/marymeportugalweddings\/"]}]}},"_links":{"self":[{"href":"https:\/\/maryme.pt\/pt-pt\/wp-json\/wp\/v2\/pages\/74149","targetHints":{"allow":["GET"]}}],"collection":[{"href":"https:\/\/maryme.pt\/pt-pt\/wp-json\/wp\/v2\/pages"}],"about":[{"href":"https:\/\/maryme.pt\/pt-pt\/wp-json\/wp\/v2\/types\/page"}],"author":[{"embeddable":true,"href":"https:\/\/maryme.pt\/pt-pt\/wp-json\/wp\/v2\/users\/3"}],"replies":[{"embeddable":true,"href":"https:\/\/maryme.pt\/pt-pt\/wp-json\/wp\/v2\/comments?post=74149"}],"version-history":[{"count":7,"href":"https:\/\/maryme.pt\/pt-pt\/wp-json\/wp\/v2\/pages\/74149\/revisions"}],"predecessor-version":[{"id":84791,"href":"https:\/\/maryme.pt\/pt-pt\/wp-json\/wp\/v2\/pages\/74149\/revisions\/84791"}],"wp:attachment":[{"href":"https:\/\/maryme.pt\/pt-pt\/wp-json\/wp\/v2\/media?parent=74149"}],"curies":[{"name":"wp","href":"https:\/\/api.w.org\/{rel}","templated":true}]}}