{"id":84340,"date":"2025-10-15T14:33:54","date_gmt":"2025-10-15T13:33:54","guid":{"rendered":"https:\/\/maryme.pt\/testemunhos-2\/"},"modified":"2025-11-25T18:26:36","modified_gmt":"2025-11-25T18:26:36","slug":"testemunhos","status":"publish","type":"page","link":"https:\/\/maryme.pt\/pt-pt\/testemunhos\/","title":{"rendered":"Testemunhos"},"content":{"rendered":"\t\t<div data-elementor-type=\"wp-page\" data-elementor-id=\"84340\" class=\"elementor elementor-84340 elementor-77517\" data-elementor-post-type=\"page\">\n\t\t\t\t<div class=\"elementor-element elementor-element-eb28fe9 e-flex e-con-boxed e-con e-parent\" data-id=\"eb28fe9\" data-element_type=\"container\" data-e-type=\"container\" data-settings=\"{&quot;background_background&quot;:&quot;classic&quot;}\">\n\t\t\t\t\t<div class=\"e-con-inner\">\n\t\t<div class=\"elementor-element elementor-element-89039a4 e-con-full e-flex e-con e-child\" data-id=\"89039a4\" data-element_type=\"container\" data-e-type=\"container\">\n\t\t\t\t<div class=\"elementor-element elementor-element-a4b233e mm-header-title  elementor-widget elementor-widget-heading\" data-id=\"a4b233e\" data-element_type=\"widget\" data-e-type=\"widget\" data-widget_type=\"heading.default\">\n\t\t\t\t<div class=\"elementor-widget-container\">\n\t\t\t\t\t<h1 class=\"elementor-heading-title elementor-size-default\">Testemunhos de Casamentos em Portugal<\/h1>\t\t\t\t<\/div>\n\t\t\t\t<\/div>\n\t\t\t\t<div class=\"elementor-element elementor-element-26a6e98 elementor-widget elementor-widget-text-editor\" data-id=\"26a6e98\" data-element_type=\"widget\" data-e-type=\"widget\" data-widget_type=\"text-editor.default\">\n\t\t\t\t<div class=\"elementor-widget-container\">\n\t\t\t\t\t\t\t\t\t<p><span style=\"font-weight: 400;\">Vozes reais, sentimentos verdadeiros, momentos inesquec\u00edveis. Porque ningu\u00e9m conta melhor a nossa hist\u00f3ria do que quem a viveu. <\/span><\/p>\t\t\t\t\t\t\t\t<\/div>\n\t\t\t\t<\/div>\n\t\t\t\t<\/div>\n\t\t\t\t\t<\/div>\n\t\t\t\t<\/div>\n\t\t<div class=\"elementor-element elementor-element-402d046 e-con-full e-flex e-con e-parent\" data-id=\"402d046\" data-element_type=\"container\" data-e-type=\"container\">\n\t\t\t\t<div class=\"elementor-element elementor-element-da409cb elementor-widget elementor-widget-ucaddon_mm_testimonials\" data-id=\"da409cb\" data-element_type=\"widget\" data-e-type=\"widget\" data-widget_type=\"ucaddon_mm_testimonials.default\">\n\t\t\t\t<div class=\"elementor-widget-container\">\n\t\t\t\t\t\n<!-- start Testimonials -->\n<style>\/* widget: Testimonials *\/\n\n.rw-testimonials{\n  width:100%;\n}\n\n.rw-testimonials-grid .rw-testimonial-wrapper:nth-child(even){\n  background-color:var( --e-global-color-cbd92e2 );\n}\n\n.rw-testimonial-wrapper{\n    padding: 75px 0;\n}\n\n@media all and (min-width:769px) and (max-width:1024px){\n  .rw-testimonial-wrapper{\n        padding: 50px 0;\n    }\n}\n\n@media all and (max-width:768px){\n  .rw-testimonial-wrapper{\n        padding: 25px 0;\n    }\n}\n\n.rw-testimonial-header,\n.rw-testimonial-body{\n  margin:0 auto;\n  max-width:var(--container-max-width);\n  padding:0 20px;\n}\n\n\n\n.rw-testimonial-couples{\n  font-size: 2.625rem;\n  font-weight:500 !important;\n}\n\n.rw-testimonial-venue{\n  text-transform: uppercase;\n  font-size: .75rem;\n  letter-spacing: 2px;\n  font-weight:600;\n  color: var( --e-global-color-primary );\n}\n\n.rw-testimonial-body{\n  display:flex;\n    gap:10px;\n    padding-top:30px;\n}\n\n.rw-testimonial-body .item{\n  width:40%;\n  aspect-ratio: 32 \/ 45;\n}\n\n.rw-testimonial-body.landscape .item:last-child{\n  display:none !important;\n}\n\n@media all and (min-width:768px) and (max-width:992px){\n  .rw-testimonial-body .item{\n    width:80%;\n  }\n}\n\n@media all and (max-width:767px){\n  .rw-testimonial-body .item{\n    width:100%;\n  }\n}\n\n\n.rw-testimonial-body .item.landscape{\n  width:80%;\n  aspect-ratio: 45 \/ 32;\n}\n\n.rw-testimonial-body .item.video{\n  position: relative;\n  overflow: hidden;\n}\n\n.rw-testimonial-body .item.video.yt-video iframe,\n.rw-testimonial-body .item.video.yt-video #yt-bg {\n  position: absolute;\n  inset: 0;\n  width: 100%;\n  height: 100%;\n  max-width:unset;\n}\n\n.rw-testimonial-body .item.video .media{\n  width: 100%;\n  height: 100%;\n  object-fit: cover;\n  object-position: center;\n  display: block;\n}\n\n.rw-testimonial-body .item.video .cover-poster{\n  background-size:cover;\n  background-repeat:no-repeat;\n  background-position:center;\n}\n\n.rw-testimonial-body .item.fill{\n  background-color: var(--e-global-color-primary);\n}\n\n.rw-testimonial-body .item img{\n  display: block;\n  object-fit: cover;\n  width:100%;\n  height:100%;\n}\n\n@supports (aspect-ratio: 1) {\n  .rw-testimonial-body .item.video.yt-video iframe {\n    width: max(100%, calc(100% * (45\/32)));\n    height: max(100%, calc(100% * (32\/45)));\n    top: 50%;\n    left: 50%;\n    transform: translate(-50%, -50%);\n  }\n\n  .rw-testimonial-body .item.video.yt-video.portrait iframe{\n    width: max(100%, calc(100% * (16\/28)));\n    height: max(100%, calc(100% * (28\/16)));\n  }\n}\n\n@supports not (aspect-ratio: 1) {\n  .rw-testimonial-body .item.video.yt-video iframe {\n    width: 177.78vh;\n    height: 100vh;\n    min-width: 100%;\n    min-height: 100%;\n    top: 50%;\n    left: 50%;\n    transform: translate(-50%, -50%);\n  }\n}\n\n.rw-testimonials-load-more-wrapper{\n  display:flex;\n    align-items:center;\n  justify-content:center;\n}\n\n.rw-testimonials-load-more-wrapper .rw-loadmore{\n  margin-bottom:50px;\n}\n\n@media all and (min-width:769px) and (max-width:1024px){\n  .rw-testimonial-body .item.video+.item+.item{\n    display:none !important;\n  }\n}\n\n@media all and (max-width:768px){\n  .rw-testimonial-body .item:not(.item.video){\n    display:none !important;\n  }\n}\n\n<\/style>\n\n\n<div class=\"rw-testimonials\" \n     data-ssr=\"true\"\n     data-total-pages=\"1\"\n     data-items=\"85487,85492,85627\" \n     data-per-page=\"3\" \n     data-container>  \n  \n  <div class=\"rw-testimonials-grid\" data-grid>\n      \n                  \n    \t            <script type=\"application\/ld+json\">{\n    \"@context\": \"https:\/\/schema.org\",\n    \"@type\": \"VideoObject\",\n    \"name\": \"Video\",\n    \"description\": \"\\\"Uma pessoa fica com o dia do casamento na cabe\\u00e7a, sempre a pensar: \\u201cTem de ser perfeito!\\u201d, e ent\\u00e3o, de repente, a Mary Me aparece e torna o dia ainda melhor do que poderias imaginar.\\n\\nPortanto, se forem contratar algu\\u00e9m, contratem a Mary Me com certeza, porque eles fizeram-me sentir a melhor vers\\u00e3o de mim mesma e a melhor noiva.\\n\\nEst\\u00e1s a deixar-me emocionada, mas agrade\\u00e7o-te muito!\\\"\",\n    \"thumbnailUrl\": [\n        \"https:\/\/i.ytimg.com\/vi\/YHUhjHe93WQ\/maxresdefault.jpg\",\n        \"https:\/\/i.ytimg.com\/vi\/YHUhjHe93WQ\/hqdefault.jpg\"\n    ],\n    \"uploadDate\": \"2026-04-24T09:37:27+00:00\",\n    \"embedUrl\": \"https:\/\/www.youtube.com\/embed\/YHUhjHe93WQ\",\n    \"contentUrl\": \"https:\/\/www.youtube.com\/watch?v=YHUhjHe93WQ\"\n}<\/script>\n                \n        <div class=\"rw-testimonial-wrapper\">\n                        <div class=\"rw-testimonial-header\">\n                                    <p class=\"rw-testimonial-venue\">Pestana Pal\u00e1cio do Freixo<\/p>\n                                                    <h3 class=\"rw-testimonial-couples\">Molly & John<\/h3>\n                                                    <p class=\"rw-testimonial-text\">\"Uma pessoa fica com o dia do casamento na cabe\u00e7a, sempre a pensar: \u201cTem de ser perfeito!\u201d, e ent\u00e3o, de repente, a Mary Me aparece e torna o dia ainda melhor do que poderias imaginar.\n\nPortanto, se forem contratar algu\u00e9m, contratem a Mary Me com certeza, porque eles fizeram-me sentir a melhor vers\u00e3o de mim mesma e a melhor noiva.\n\nEst\u00e1s a deixar-me emocionada, mas agrade\u00e7o-te muito!\"<\/p>\n                            <\/div>\n\n                        <div class=\"rw-testimonial-body portrait\">\n                \n                                                    <div class=\"item video portrait video-player yt-video\" \n                         data-videoid=\"YHUhjHe93WQ\" \n                         data-poster=\"https:\/\/maryme.pt\/wp-content\/uploads\/2025\/11\/MJ-867-scaled.jpg\">\n                        \n                        <div class=\"yt-player\"><\/div>\n                        \n                        <button class=\"cover-poster\" aria-label=\"Play video\" \n                                style=\"background-image: url(https:\/\/maryme.pt\/wp-content\/uploads\/2025\/11\/MJ-867-scaled.jpg);\">\n                            <span class=\"cover-play-icon\" aria-hidden=\"true\"><\/span>\n                        <\/button>\n                    <\/div>\n                \n                                                                            <div class=\"item hide-mobile hide-tablet \">\n                            <img decoding=\"async\" src=\"https:\/\/maryme.pt\/wp-content\/uploads\/2025\/10\/Molly-John-Testimonial-Image.jpg\" alt=\"\">\n                        <\/div>\n                                                                                <div class=\"item hide-mobile hide-tablet \">\n                            <img decoding=\"async\" src=\"https:\/\/maryme.pt\/wp-content\/uploads\/2025\/10\/pattern-870x930-v2.jpg\" alt=\"\">\n                        <\/div>\n                                                                        \n            <\/div>\n        <\/div>\n                  \n    \t            <script type=\"application\/ld+json\">{\n    \"@context\": \"https:\/\/schema.org\",\n    \"@type\": \"VideoObject\",\n    \"name\": \"Video\",\n    \"description\": \"\\\"Tem sido um dia perfeito. O tempo, todos a ajudar-nos, tem sido absolutamente tudo o que poder\\u00edamos imaginar. H\\u00e1 muito tempo que pens\\u00e1vamos neste dia e tudo est\\u00e1 a correr melhor do que poder\\u00edamos imaginar. Estamos muito gratos \\u00e0 equipa da Mary Me, aos colaboradores e \\u00e0 nossa fam\\u00edlia e amigos. Hoje \\u00e9 um dia perfeito!\\\"\",\n    \"thumbnailUrl\": [\n        \"https:\/\/i.ytimg.com\/vi\/be97I1qx7vY\/maxresdefault.jpg\",\n        \"https:\/\/i.ytimg.com\/vi\/be97I1qx7vY\/hqdefault.jpg\"\n    ],\n    \"uploadDate\": \"2026-04-24T09:37:27+00:00\",\n    \"embedUrl\": \"https:\/\/www.youtube.com\/embed\/be97I1qx7vY\",\n    \"contentUrl\": \"https:\/\/www.youtube.com\/watch?v=be97I1qx7vY\"\n}<\/script>\n                \n        <div class=\"rw-testimonial-wrapper\">\n                        <div class=\"rw-testimonial-header\">\n                                    <p class=\"rw-testimonial-venue\">Pestana Pal\u00e1cio do Freixo<\/p>\n                                                    <h3 class=\"rw-testimonial-couples\">Helen & David<\/h3>\n                                                    <p class=\"rw-testimonial-text\">\"Tem sido um dia perfeito. O tempo, todos a ajudar-nos, tem sido absolutamente tudo o que poder\u00edamos imaginar. H\u00e1 muito tempo que pens\u00e1vamos neste dia e tudo est\u00e1 a correr melhor do que poder\u00edamos imaginar. Estamos muito gratos \u00e0 equipa da Mary Me, aos colaboradores e \u00e0 nossa fam\u00edlia e amigos. Hoje \u00e9 um dia perfeito!\"<\/p>\n                            <\/div>\n\n                        <div class=\"rw-testimonial-body portrait\">\n                \n                                                    <div class=\"item video portrait video-player yt-video\" \n                         data-videoid=\"be97I1qx7vY\" \n                         data-poster=\"https:\/\/maryme.pt\/wp-content\/uploads\/2025\/11\/768x1080-WEBSITE-1-1.jpg\">\n                        \n                        <div class=\"yt-player\"><\/div>\n                        \n                        <button class=\"cover-poster\" aria-label=\"Play video\" \n                                style=\"background-image: url(https:\/\/maryme.pt\/wp-content\/uploads\/2025\/11\/768x1080-WEBSITE-1-1.jpg);\">\n                            <span class=\"cover-play-icon\" aria-hidden=\"true\"><\/span>\n                        <\/button>\n                    <\/div>\n                \n                                                                            <div class=\"item hide-mobile hide-tablet \">\n                            <img decoding=\"async\" src=\"https:\/\/maryme.pt\/wp-content\/uploads\/2025\/11\/768x1080-WEBSITE-2.jpg\" alt=\"\">\n                        <\/div>\n                                                                                <div class=\"item hide-mobile hide-tablet \">\n                            <img decoding=\"async\" src=\"https:\/\/maryme.pt\/wp-content\/uploads\/2025\/10\/pattern-870x930-v2.jpg\" alt=\"\">\n                        <\/div>\n                                                                        \n            <\/div>\n        <\/div>\n                  \n    \t            <script type=\"application\/ld+json\">{\n    \"@context\": \"https:\/\/schema.org\",\n    \"@type\": \"VideoObject\",\n    \"name\": \"Video\",\n    \"description\": \"\\\"Estamos muito entusiasmados com a Mary Me, eles facilitaram todo o processo e foi divertido! \\n\\nTodos os eventos foram bem planeados, bem coordenados e n\\u00f3s divertimo-nos muito. Muito obrigado!\\\"\",\n    \"thumbnailUrl\": [\n        \"https:\/\/i.ytimg.com\/vi\/NCfmSohJwZs\/maxresdefault.jpg\",\n        \"https:\/\/i.ytimg.com\/vi\/NCfmSohJwZs\/hqdefault.jpg\"\n    ],\n    \"uploadDate\": \"2026-04-24T09:37:27+00:00\",\n    \"embedUrl\": \"https:\/\/www.youtube.com\/embed\/NCfmSohJwZs\",\n    \"contentUrl\": \"https:\/\/www.youtube.com\/watch?v=NCfmSohJwZs\"\n}<\/script>\n                \n        <div class=\"rw-testimonial-wrapper\">\n                        <div class=\"rw-testimonial-header\">\n                                    <p class=\"rw-testimonial-venue\">Pestana Pal\u00e1cio do Freixo<\/p>\n                                                    <h3 class=\"rw-testimonial-couples\">Molly & Addy<\/h3>\n                                                    <p class=\"rw-testimonial-text\">\"Estamos muito entusiasmados com a Mary Me, eles facilitaram todo o processo e foi divertido! \n\nTodos os eventos foram bem planeados, bem coordenados e n\u00f3s divertimo-nos muito. Muito obrigado!\" <\/p>\n                            <\/div>\n\n                        <div class=\"rw-testimonial-body portrait\">\n                \n                                                    <div class=\"item video portrait video-player yt-video\" \n                         data-videoid=\"NCfmSohJwZs\" \n                         data-poster=\"https:\/\/maryme.pt\/wp-content\/uploads\/2025\/11\/MA-1021-scaled.jpg\">\n                        \n                        <div class=\"yt-player\"><\/div>\n                        \n                        <button class=\"cover-poster\" aria-label=\"Play video\" \n                                style=\"background-image: url(https:\/\/maryme.pt\/wp-content\/uploads\/2025\/11\/MA-1021-scaled.jpg);\">\n                            <span class=\"cover-play-icon\" aria-hidden=\"true\"><\/span>\n                        <\/button>\n                    <\/div>\n                \n                                                                            <div class=\"item hide-mobile hide-tablet \">\n                            <img decoding=\"async\" src=\"https:\/\/maryme.pt\/wp-content\/uploads\/2025\/11\/MA-953-scaled.jpg\" alt=\"\">\n                        <\/div>\n                                                                                <div class=\"item hide-mobile hide-tablet \">\n                            <img decoding=\"async\" src=\"https:\/\/maryme.pt\/wp-content\/uploads\/2025\/10\/pattern-870x930-v2.jpg\" alt=\"\">\n                        <\/div>\n                                                                        \n            <\/div>\n        <\/div>\n      \n  <\/div>\n\n  <div class=\"rw-loading\" aria-live=\"polite\" style=\"display:none;\"><\/div>\n  \n  <div class=\"rw-testimonials-load-more-wrapper\">\n    <button class=\"rw-loadmore\" data-loadmore type=\"button\" >\n        Mostrar Mais\n    <\/button>\n  <\/div>\n<\/div>\n<!-- end Testimonials -->\t\t\t\t<\/div>\n\t\t\t\t<\/div>\n\t\t\t\t<\/div>\n\t\t\t\t<\/div>\n\t\t","protected":false},"excerpt":{"rendered":"<p>Testemunhos de Casamentos em Portugal Vozes reais, sentimentos verdadeiros, momentos inesquec\u00edveis. Porque ningu\u00e9m conta melhor a nossa hist\u00f3ria do que quem a viveu. Mostrar Mais<\/p>\n","protected":false},"author":3,"featured_media":0,"parent":0,"menu_order":0,"comment_status":"closed","ping_status":"closed","template":"","meta":{"_acf_changed":false,"footnotes":""},"class_list":["post-84340","page","type-page","status-publish","hentry"],"acf":[],"yoast_head":"<!-- This site is optimized with the Yoast SEO Premium plugin v25.1 (Yoast SEO v26.3) - https:\/\/yoast.com\/wordpress\/plugins\/seo\/ -->\n<title>Reviews e Testemunhos Reais | Mary Me Portugal Weddings<\/title>\n<meta name=\"description\" content=\"Vozes reais, sentimentos verdadeiros, momentos inesquec\u00edveis. Porque ningu\u00e9m conta melhor a nossa hist\u00f3ria do que quem a viveu.\" \/>\n<meta name=\"robots\" content=\"index, follow, max-snippet:-1, max-image-preview:large, max-video-preview:-1\" \/>\n<link rel=\"canonical\" href=\"https:\/\/maryme.pt\/pt-pt\/testemunhos\/\" \/>\n<meta property=\"og:locale\" content=\"pt_PT\" \/>\n<meta property=\"og:type\" content=\"article\" \/>\n<meta property=\"og:title\" content=\"Reviews e Testemunhos Reais | Mary Me Portugal Weddings\" \/>\n<meta property=\"og:description\" content=\"Vozes reais, sentimentos verdadeiros, momentos inesquec\u00edveis. Porque ningu\u00e9m conta melhor a nossa hist\u00f3ria do que quem a viveu.\" \/>\n<meta property=\"og:url\" content=\"https:\/\/maryme.pt\/pt-pt\/testemunhos\/\" \/>\n<meta property=\"og:site_name\" content=\"Mary Me Portugal Weddings\" \/>\n<meta property=\"article:publisher\" content=\"https:\/\/www.facebook.com\/maryme.portugalweddings\" \/>\n<meta property=\"article:modified_time\" content=\"2025-11-25T18:26:36+00:00\" \/>\n<meta property=\"og:image\" content=\"https:\/\/maryme.pt\/wp-content\/uploads\/2025\/10\/768x1080-WEBSITE-3-213x300.jpg\" \/>\n<meta name=\"twitter:card\" content=\"summary_large_image\" \/>\n<meta name=\"twitter:title\" content=\"Reviews e Testemunhos Reais | Mary Me Portugal Weddings\" \/>\n<meta name=\"twitter:description\" content=\"Vozes reais, sentimentos verdadeiros, momentos inesquec\u00edveis. Porque ningu\u00e9m conta melhor a nossa hist\u00f3ria do que quem a viveu.\" \/>\n<meta name=\"twitter:label1\" content=\"Tempo estimado de leitura\" \/>\n\t<meta name=\"twitter:data1\" content=\"3 minutos\" \/>\n<!-- \/ Yoast SEO Premium plugin. -->","yoast_head_json":{"title":"Reviews e Testemunhos Reais | Mary Me Portugal Weddings","description":"Vozes reais, sentimentos verdadeiros, momentos inesquec\u00edveis. Porque ningu\u00e9m conta melhor a nossa hist\u00f3ria do que quem a viveu.","robots":{"index":"index","follow":"follow","max-snippet":"max-snippet:-1","max-image-preview":"max-image-preview:large","max-video-preview":"max-video-preview:-1"},"canonical":"https:\/\/maryme.pt\/pt-pt\/testemunhos\/","og_locale":"pt_PT","og_type":"article","og_title":"Reviews e Testemunhos Reais | Mary Me Portugal Weddings","og_description":"Vozes reais, sentimentos verdadeiros, momentos inesquec\u00edveis. Porque ningu\u00e9m conta melhor a nossa hist\u00f3ria do que quem a viveu.","og_url":"https:\/\/maryme.pt\/pt-pt\/testemunhos\/","og_site_name":"Mary Me Portugal Weddings","article_publisher":"https:\/\/www.facebook.com\/maryme.portugalweddings","article_modified_time":"2025-11-25T18:26:36+00:00","og_image":[{"url":"https:\/\/maryme.pt\/wp-content\/uploads\/2025\/10\/768x1080-WEBSITE-3-213x300.jpg","type":"","width":"","height":""}],"twitter_card":"summary_large_image","twitter_title":"Reviews e Testemunhos Reais | Mary Me Portugal Weddings","twitter_description":"Vozes reais, sentimentos verdadeiros, momentos inesquec\u00edveis. Porque ningu\u00e9m conta melhor a nossa hist\u00f3ria do que quem a viveu.","twitter_misc":{"Tempo estimado de leitura":"3 minutos"},"schema":{"@context":"https:\/\/schema.org","@graph":[{"@type":"WebPage","@id":"https:\/\/maryme.pt\/pt-pt\/testemunhos\/","url":"https:\/\/maryme.pt\/pt-pt\/testemunhos\/","name":"Reviews e Testemunhos Reais | Mary Me Portugal Weddings","isPartOf":{"@id":"https:\/\/maryme.pt\/pt-pt\/#website"},"datePublished":"2025-10-15T13:33:54+00:00","dateModified":"2025-11-25T18:26:36+00:00","description":"Vozes reais, sentimentos verdadeiros, momentos inesquec\u00edveis. Porque ningu\u00e9m conta melhor a nossa hist\u00f3ria do que quem a viveu.","breadcrumb":{"@id":"https:\/\/maryme.pt\/pt-pt\/testemunhos\/#breadcrumb"},"inLanguage":"pt-PT","potentialAction":[{"@type":"ReadAction","target":["https:\/\/maryme.pt\/pt-pt\/testemunhos\/"]}]},{"@type":"BreadcrumbList","@id":"https:\/\/maryme.pt\/pt-pt\/testemunhos\/#breadcrumb","itemListElement":[{"@type":"ListItem","position":1,"name":"Home","item":"https:\/\/maryme.pt\/pt-pt\/homepage\/"},{"@type":"ListItem","position":2,"name":"Testemunhos"}]},{"@type":"WebSite","@id":"https:\/\/maryme.pt\/pt-pt\/#website","url":"https:\/\/maryme.pt\/pt-pt\/","name":"Mary Me Portugal Weddings","description":"","publisher":{"@id":"https:\/\/maryme.pt\/pt-pt\/#organization"},"potentialAction":[{"@type":"SearchAction","target":{"@type":"EntryPoint","urlTemplate":"https:\/\/maryme.pt\/pt-pt\/?s={search_term_string}"},"query-input":{"@type":"PropertyValueSpecification","valueRequired":true,"valueName":"search_term_string"}}],"inLanguage":"pt-PT"},{"@type":"Organization","@id":"https:\/\/maryme.pt\/pt-pt\/#organization","name":"Mary Me","alternateName":"Mary Me Destination Weddings","url":"https:\/\/maryme.pt\/pt-pt\/","logo":{"@type":"ImageObject","inLanguage":"pt-PT","@id":"https:\/\/maryme.pt\/pt-pt\/#\/schema\/logo\/image\/","url":"https:\/\/maryme.pt\/wp-content\/uploads\/2023\/07\/mm-favicon.jpg","contentUrl":"https:\/\/maryme.pt\/wp-content\/uploads\/2023\/07\/mm-favicon.jpg","width":512,"height":512,"caption":"Mary Me"},"image":{"@id":"https:\/\/maryme.pt\/pt-pt\/#\/schema\/logo\/image\/"},"sameAs":["https:\/\/www.facebook.com\/maryme.portugalweddings","https:\/\/www.instagram.com\/maryme.portugalweddings","https:\/\/www.youtube.com\/@maryme.portugalweddings","https:\/\/www.pinterest.pt\/marymeportugalweddings\/"]}]}},"_links":{"self":[{"href":"https:\/\/maryme.pt\/pt-pt\/wp-json\/wp\/v2\/pages\/84340","targetHints":{"allow":["GET"]}}],"collection":[{"href":"https:\/\/maryme.pt\/pt-pt\/wp-json\/wp\/v2\/pages"}],"about":[{"href":"https:\/\/maryme.pt\/pt-pt\/wp-json\/wp\/v2\/types\/page"}],"author":[{"embeddable":true,"href":"https:\/\/maryme.pt\/pt-pt\/wp-json\/wp\/v2\/users\/3"}],"replies":[{"embeddable":true,"href":"https:\/\/maryme.pt\/pt-pt\/wp-json\/wp\/v2\/comments?post=84340"}],"version-history":[{"count":6,"href":"https:\/\/maryme.pt\/pt-pt\/wp-json\/wp\/v2\/pages\/84340\/revisions"}],"predecessor-version":[{"id":85716,"href":"https:\/\/maryme.pt\/pt-pt\/wp-json\/wp\/v2\/pages\/84340\/revisions\/85716"}],"wp:attachment":[{"href":"https:\/\/maryme.pt\/pt-pt\/wp-json\/wp\/v2\/media?parent=84340"}],"curies":[{"name":"wp","href":"https:\/\/api.w.org\/{rel}","templated":true}]}}